{"id":2196,"date":"2023-10-03T04:07:17","date_gmt":"2023-10-03T04:07:17","guid":{"rendered":"https:\/\/arsabelgonzalez.com\/?page_id=2196"},"modified":"2023-10-03T04:10:00","modified_gmt":"2023-10-03T04:10:00","slug":"jade","status":"publish","type":"page","link":"https:\/\/arsabelgonzalez.com\/index.php\/jade\/","title":{"rendered":"Jade"},"content":{"rendered":"\t\t<div data-elementor-type=\"wp-page\" data-elementor-id=\"2196\" class=\"elementor elementor-2196\" data-elementor-settings=\"{&quot;element_pack_global_tooltip_width&quot;:{&quot;unit&quot;:&quot;px&quot;,&quot;size&quot;:&quot;&quot;,&quot;sizes&quot;:[]},&quot;element_pack_global_tooltip_width_tablet&quot;:{&quot;unit&quot;:&quot;px&quot;,&quot;size&quot;:&quot;&quot;,&quot;sizes&quot;:[]},&quot;element_pack_global_tooltip_width_mobile&quot;:{&quot;unit&quot;:&quot;px&quot;,&quot;size&quot;:&quot;&quot;,&quot;sizes&quot;:[]},&quot;element_pack_global_tooltip_padding&quot;:{&quot;unit&quot;:&quot;px&quot;,&quot;top&quot;:&quot;&quot;,&quot;right&quot;:&quot;&quot;,&quot;bottom&quot;:&quot;&quot;,&quot;left&quot;:&quot;&quot;,&quot;isLinked&quot;:true},&quot;element_pack_global_tooltip_padding_tablet&quot;:{&quot;unit&quot;:&quot;px&quot;,&quot;top&quot;:&quot;&quot;,&quot;right&quot;:&quot;&quot;,&quot;bottom&quot;:&quot;&quot;,&quot;left&quot;:&quot;&quot;,&quot;isLinked&quot;:true},&quot;element_pack_global_tooltip_padding_mobile&quot;:{&quot;unit&quot;:&quot;px&quot;,&quot;top&quot;:&quot;&quot;,&quot;right&quot;:&quot;&quot;,&quot;bottom&quot;:&quot;&quot;,&quot;left&quot;:&quot;&quot;,&quot;isLinked&quot;:true},&quot;element_pack_global_tooltip_border_radius&quot;:{&quot;unit&quot;:&quot;px&quot;,&quot;top&quot;:&quot;&quot;,&quot;right&quot;:&quot;&quot;,&quot;bottom&quot;:&quot;&quot;,&quot;left&quot;:&quot;&quot;,&quot;isLinked&quot;:true},&quot;element_pack_global_tooltip_border_radius_tablet&quot;:{&quot;unit&quot;:&quot;px&quot;,&quot;top&quot;:&quot;&quot;,&quot;right&quot;:&quot;&quot;,&quot;bottom&quot;:&quot;&quot;,&quot;left&quot;:&quot;&quot;,&quot;isLinked&quot;:true},&quot;element_pack_global_tooltip_border_radius_mobile&quot;:{&quot;unit&quot;:&quot;px&quot;,&quot;top&quot;:&quot;&quot;,&quot;right&quot;:&quot;&quot;,&quot;bottom&quot;:&quot;&quot;,&quot;left&quot;:&quot;&quot;,&quot;isLinked&quot;:true}}\">\n\t\t\t\t\t\t<section class=\"elementor-section elementor-top-section elementor-element elementor-element-8a19d94 elementor-section-boxed elementor-section-height-default elementor-section-height-default\" data-id=\"8a19d94\" data-element_type=\"section\">\n\t\t\t\t\t\t<div class=\"elementor-container elementor-column-gap-default\">\n\t\t\t\t\t<div class=\"elementor-column elementor-col-100 elementor-top-column elementor-element elementor-element-c664433\" data-id=\"c664433\" data-element_type=\"column\">\n\t\t\t<div class=\"elementor-widget-wrap elementor-element-populated\">\n\t\t\t\t\t\t<section class=\"elementor-section elementor-inner-section elementor-element elementor-element-d733a88 elementor-section-boxed elementor-section-height-default elementor-section-height-default\" data-id=\"d733a88\" data-element_type=\"section\">\n\t\t\t\t\t\t<div class=\"elementor-container elementor-column-gap-default\">\n\t\t\t\t\t<div class=\"elementor-column elementor-col-50 elementor-inner-column elementor-element elementor-element-b58f4d7\" data-id=\"b58f4d7\" data-element_type=\"column\">\n\t\t\t<div class=\"elementor-widget-wrap elementor-element-populated\">\n\t\t\t\t\t\t<div class=\"elementor-element elementor-element-f73f03c elementor-widget elementor-widget-html\" data-id=\"f73f03c\" data-element_type=\"widget\" data-widget_type=\"html.default\">\n\t\t\t\t<div class=\"elementor-widget-container\">\n\t\t\t\t\t<svg data-name=\"Layer 2\" xmlns=\"http:\/\/www.w3.org\/2000\/svg\" viewBox=\"0 0 243 153\" preserveAspectRatio=\"none\" data-gwd-grp-id=\"JADE\" class=\"gwd-grp-g6uz gwd-svg-hhna gwd-gen-172ogwdanimation\">\r\n          <defs class=\"gwd-grp-g6uz\">\r\n            <style class=\"gwd-grp-g6uz\">.cls-1_12{fill:#008d48}.cls-2_1{fill:#50b848}.cls-3_1{fill:#f0ead8}<\/style>\r\n          <\/defs>\r\n          <g data-gwd-grp-id=\"PRINT_1\" class=\"gwd-grp-g6uz\">\r\n            <g class=\"gwd-grp-g6uz\">\r\n              <rect class=\"cls-1_12 gwd-grp-g6uz\" width=\"243\" height=\"153\" rx=\"9\" ry=\"9\"><\/rect>\r\n              <g class=\"gwd-grp-g6uz\">\r\n                <path class=\"cls-2_1 gwd-grp-g6uz\" d=\"m173.83,131.12c.19.26.43.5.72.72.48.36,1.2.72,2.16.72,2.04,0,3.36-1.3,3.36-3.48v-11.88h1.8v11.88c0,3-2.16,5.16-5.16,5.16-1.34,0-2.33-.48-3.02-.96-.41-.29-.77-.6-1.06-.96l1.2-1.2Z\"><\/path>\r\n                <path class=\"cls-2_1 gwd-grp-g6uz\" d=\"m192.57,132.44c-.24.34-.55.65-.91.91-.65.46-1.56.89-2.81.89-2.4,0-4.08-1.68-4.08-3.36,0-1.92,1.18-3.12,3.36-3.48l4.44-.72c0-1.7-1.18-2.88-2.88-2.88-1.03,0-1.82.43-2.38.84-.31.26-.6.53-.86.84l-1.08-1.08c.31-.41.7-.77,1.13-1.08.74-.55,1.78-1.08,3.19-1.08,2.64,0,4.56,1.92,4.56,4.44v7.32h-1.68v-1.56Zm0-4.32l-3.96.72c-1.44.26-2.16.96-2.16,2.04,0,.96.84,1.8,2.4,1.8,2.18,0,3.72-1.54,3.72-3.84v-.72Z\"><\/path>\r\n                <path class=\"cls-2_1 gwd-grp-g6uz\" d=\"m206.4,132.32c-.26.36-.6.67-.98.96-.67.48-1.63.96-2.98.96-3.12,0-5.64-2.52-5.64-6s2.52-6,5.64-6c1.34,0,2.3.48,2.98.96.38.29.72.6.98.96v-6.96h1.68v16.8h-1.68v-1.68Zm0-4.08c0-2.52-1.94-4.44-3.96-4.44-2.18,0-3.96,1.82-3.96,4.44s1.78,4.44,3.96,4.44c2.02,0,3.96-1.92,3.96-4.44Z\"><\/path>\r\n                <path class=\"cls-2_1 gwd-grp-g6uz\" d=\"m221.33,131.84c-.34.46-.74.84-1.22,1.2-.84.6-2.02,1.2-3.58,1.2-3.14,0-5.76-2.64-5.76-6s2.64-6,5.64-6,5.52,2.4,5.52,5.76c0,.26-.05.46-.07.62l-.05.24-9.36-.02c.12,2.04,1.9,3.84,4.08,3.84,1.22,0,2.11-.48,2.76-.96.36-.29.7-.6.96-.96l1.08,1.08Zm-1.08-4.44c-.26-2.04-1.8-3.6-3.84-3.6s-3.7,1.68-3.96,3.6h7.8Z\"><\/path>\r\n              <\/g>\r\n              <g class=\"gwd-grp-g6uz\">\r\n                <path class=\"cls-3_1 gwd-grp-g6uz\" d=\"m30.46,15.06c1.6.26,3.01,1.46,3.22,3.12.1.74-.02,1.42-.36,2.08-.45.84-1.2,1.49-1.86,2.16l-3.88,3.88c-.16.16-.42.16-.58,0l-3.88-3.88c-.66-.66-1.42-1.32-1.86-2.16-.35-.66-.46-1.34-.37-2.08.21-1.65,1.63-2.86,3.22-3.12.37-.06,5.97-.06,6.34,0\"><\/path>\r\n                <path class=\"cls-3_1 gwd-grp-g6uz\" d=\"m30.46,39.55c1.6-.26,3.01-1.46,3.22-3.12.1-.74-.02-1.42-.36-2.08-.45-.84-1.2-1.49-1.86-2.16l-3.88-3.88c-.16-.16-.42-.16-.58,0l-3.88,3.88c-.66.66-1.42,1.32-1.86,2.16-.35.66-.46,1.34-.37,2.08.21,1.65,1.63,2.86,3.22,3.12.37.06,5.97.06,6.34,0\"><\/path>\r\n                <path class=\"cls-3_1 gwd-grp-g6uz\" d=\"m15.05,24.13c.26-1.6,1.46-3.01,3.12-3.22.74-.09,1.42.02,2.08.37.84.45,1.49,1.2,2.16,1.86l3.88,3.88c.16.16.16.42,0,.58l-3.88,3.88c-.66.67-1.32,1.42-2.16,1.86-.66.35-1.34.46-2.08.37-1.65-.21-2.86-1.63-3.12-3.22-.06-.37-.06-5.97,0-6.34\"><\/path>\r\n                <path class=\"cls-3_1 gwd-grp-g6uz\" d=\"m39.54,24.13c-.26-1.6-1.46-3.01-3.12-3.22-.74-.09-1.42.02-2.08.37-.84.45-1.49,1.2-2.16,1.86l-3.88,3.88c-.16.16-.16.42,0,.58l3.88,3.88c.66.67,1.32,1.42,2.16,1.86.66.35,1.34.46,2.08.37,1.65-.21,2.86-1.63,3.12-3.22.06-.37.06-5.97,0-6.34\"><\/path>\r\n              <\/g>\r\n            <\/g>\r\n          <\/g>\r\n        <\/svg>\t\t\t\t<\/div>\n\t\t\t\t<\/div>\n\t\t\t\t<div class=\"elementor-element elementor-element-7e98f1e elementor-widget elementor-widget-heading\" data-id=\"7e98f1e\" data-element_type=\"widget\" data-widget_type=\"heading.default\">\n\t\t\t\t<div class=\"elementor-widget-container\">\n\t\t\t\t\t<h2 class=\"elementor-heading-title elementor-size-default\">Plan Jade Voluntario<\/h2>\t\t\t\t<\/div>\n\t\t\t\t<\/div>\n\t\t\t\t<div class=\"elementor-element elementor-element-7bd6b38 elementor-widget elementor-widget-button\" data-id=\"7bd6b38\" data-element_type=\"widget\" data-widget_type=\"button.default\">\n\t\t\t\t<div class=\"elementor-widget-container\">\n\t\t\t\t\t\t\t\t\t<div class=\"elementor-button-wrapper\">\n\t\t\t\t\t<a class=\"elementor-button elementor-button-link elementor-size-lg\" href=\"https:\/\/arsabelgonzalez.com\/index.php\/jade-voluntario\/\">\n\t\t\t\t\t\t<span class=\"elementor-button-content-wrapper\">\n\t\t\t\t\t\t<span class=\"elementor-button-icon\">\n\t\t\t\t<i aria-hidden=\"true\" class=\"fas fa-arrow-right\"><\/i>\t\t\t<\/span>\n\t\t\t\t\t\t\t\t\t<span class=\"elementor-button-text\">Ver m\u00e1s informaci\u00f3n<\/span>\n\t\t\t\t\t<\/span>\n\t\t\t\t\t<\/a>\n\t\t\t\t<\/div>\n\t\t\t\t\t\t\t\t<\/div>\n\t\t\t\t<\/div>\n\t\t\t\t\t<\/div>\n\t\t<\/div>\n\t\t\t\t<div class=\"elementor-column elementor-col-50 elementor-inner-column elementor-element elementor-element-7189b5d\" data-id=\"7189b5d\" data-element_type=\"column\">\n\t\t\t<div class=\"elementor-widget-wrap elementor-element-populated\">\n\t\t\t\t\t\t<div class=\"elementor-element elementor-element-3970e4a elementor-widget elementor-widget-html\" data-id=\"3970e4a\" data-element_type=\"widget\" data-widget_type=\"html.default\">\n\t\t\t\t<div class=\"elementor-widget-container\">\n\t\t\t\t\t<svg data-name=\"Layer 2\" xmlns=\"http:\/\/www.w3.org\/2000\/svg\" viewBox=\"0 0 243 153\" preserveAspectRatio=\"none\" data-gwd-grp-id=\"JADE\" class=\"gwd-grp-g6uz gwd-svg-hhna gwd-gen-172ogwdanimation\">\r\n          <defs class=\"gwd-grp-g6uz\">\r\n            <style class=\"gwd-grp-g6uz\">.cls-1_12{fill:#008d48}.cls-2_1{fill:#50b848}.cls-3_1{fill:#f0ead8}<\/style>\r\n          <\/defs>\r\n          <g data-gwd-grp-id=\"PRINT_1\" class=\"gwd-grp-g6uz\">\r\n            <g class=\"gwd-grp-g6uz\">\r\n              <rect class=\"cls-1_12 gwd-grp-g6uz\" width=\"243\" height=\"153\" rx=\"9\" ry=\"9\"><\/rect>\r\n              <g class=\"gwd-grp-g6uz\">\r\n                <path class=\"cls-2_1 gwd-grp-g6uz\" d=\"m173.83,131.12c.19.26.43.5.72.72.48.36,1.2.72,2.16.72,2.04,0,3.36-1.3,3.36-3.48v-11.88h1.8v11.88c0,3-2.16,5.16-5.16,5.16-1.34,0-2.33-.48-3.02-.96-.41-.29-.77-.6-1.06-.96l1.2-1.2Z\"><\/path>\r\n                <path class=\"cls-2_1 gwd-grp-g6uz\" d=\"m192.57,132.44c-.24.34-.55.65-.91.91-.65.46-1.56.89-2.81.89-2.4,0-4.08-1.68-4.08-3.36,0-1.92,1.18-3.12,3.36-3.48l4.44-.72c0-1.7-1.18-2.88-2.88-2.88-1.03,0-1.82.43-2.38.84-.31.26-.6.53-.86.84l-1.08-1.08c.31-.41.7-.77,1.13-1.08.74-.55,1.78-1.08,3.19-1.08,2.64,0,4.56,1.92,4.56,4.44v7.32h-1.68v-1.56Zm0-4.32l-3.96.72c-1.44.26-2.16.96-2.16,2.04,0,.96.84,1.8,2.4,1.8,2.18,0,3.72-1.54,3.72-3.84v-.72Z\"><\/path>\r\n                <path class=\"cls-2_1 gwd-grp-g6uz\" d=\"m206.4,132.32c-.26.36-.6.67-.98.96-.67.48-1.63.96-2.98.96-3.12,0-5.64-2.52-5.64-6s2.52-6,5.64-6c1.34,0,2.3.48,2.98.96.38.29.72.6.98.96v-6.96h1.68v16.8h-1.68v-1.68Zm0-4.08c0-2.52-1.94-4.44-3.96-4.44-2.18,0-3.96,1.82-3.96,4.44s1.78,4.44,3.96,4.44c2.02,0,3.96-1.92,3.96-4.44Z\"><\/path>\r\n                <path class=\"cls-2_1 gwd-grp-g6uz\" d=\"m221.33,131.84c-.34.46-.74.84-1.22,1.2-.84.6-2.02,1.2-3.58,1.2-3.14,0-5.76-2.64-5.76-6s2.64-6,5.64-6,5.52,2.4,5.52,5.76c0,.26-.05.46-.07.62l-.05.24-9.36-.02c.12,2.04,1.9,3.84,4.08,3.84,1.22,0,2.11-.48,2.76-.96.36-.29.7-.6.96-.96l1.08,1.08Zm-1.08-4.44c-.26-2.04-1.8-3.6-3.84-3.6s-3.7,1.68-3.96,3.6h7.8Z\"><\/path>\r\n              <\/g>\r\n              <g class=\"gwd-grp-g6uz\">\r\n                <path class=\"cls-3_1 gwd-grp-g6uz\" d=\"m30.46,15.06c1.6.26,3.01,1.46,3.22,3.12.1.74-.02,1.42-.36,2.08-.45.84-1.2,1.49-1.86,2.16l-3.88,3.88c-.16.16-.42.16-.58,0l-3.88-3.88c-.66-.66-1.42-1.32-1.86-2.16-.35-.66-.46-1.34-.37-2.08.21-1.65,1.63-2.86,3.22-3.12.37-.06,5.97-.06,6.34,0\"><\/path>\r\n                <path class=\"cls-3_1 gwd-grp-g6uz\" d=\"m30.46,39.55c1.6-.26,3.01-1.46,3.22-3.12.1-.74-.02-1.42-.36-2.08-.45-.84-1.2-1.49-1.86-2.16l-3.88-3.88c-.16-.16-.42-.16-.58,0l-3.88,3.88c-.66.66-1.42,1.32-1.86,2.16-.35.66-.46,1.34-.37,2.08.21,1.65,1.63,2.86,3.22,3.12.37.06,5.97.06,6.34,0\"><\/path>\r\n                <path class=\"cls-3_1 gwd-grp-g6uz\" d=\"m15.05,24.13c.26-1.6,1.46-3.01,3.12-3.22.74-.09,1.42.02,2.08.37.84.45,1.49,1.2,2.16,1.86l3.88,3.88c.16.16.16.42,0,.58l-3.88,3.88c-.66.67-1.32,1.42-2.16,1.86-.66.35-1.34.46-2.08.37-1.65-.21-2.86-1.63-3.12-3.22-.06-.37-.06-5.97,0-6.34\"><\/path>\r\n                <path class=\"cls-3_1 gwd-grp-g6uz\" d=\"m39.54,24.13c-.26-1.6-1.46-3.01-3.12-3.22-.74-.09-1.42.02-2.08.37-.84.45-1.49,1.2-2.16,1.86l-3.88,3.88c-.16.16-.16.42,0,.58l3.88,3.88c.66.67,1.32,1.42,2.16,1.86.66.35,1.34.46,2.08.37,1.65-.21,2.86-1.63,3.12-3.22.06-.37.06-5.97,0-6.34\"><\/path>\r\n              <\/g>\r\n            <\/g>\r\n          <\/g>\r\n        <\/svg>\t\t\t\t<\/div>\n\t\t\t\t<\/div>\n\t\t\t\t<div class=\"elementor-element elementor-element-aed75e6 elementor-widget elementor-widget-heading\" data-id=\"aed75e6\" data-element_type=\"widget\" data-widget_type=\"heading.default\">\n\t\t\t\t<div class=\"elementor-widget-container\">\n\t\t\t\t\t<h2 class=\"elementor-heading-title elementor-size-default\">Plan Jade Complementario<\/h2>\t\t\t\t<\/div>\n\t\t\t\t<\/div>\n\t\t\t\t<div class=\"elementor-element elementor-element-92ad422 elementor-widget elementor-widget-button\" data-id=\"92ad422\" data-element_type=\"widget\" data-widget_type=\"button.default\">\n\t\t\t\t<div class=\"elementor-widget-container\">\n\t\t\t\t\t\t\t\t\t<div class=\"elementor-button-wrapper\">\n\t\t\t\t\t<a class=\"elementor-button elementor-button-link elementor-size-lg\" href=\"https:\/\/arsabelgonzalez.com\/index.php\/jade-complementario\/\">\n\t\t\t\t\t\t<span class=\"elementor-button-content-wrapper\">\n\t\t\t\t\t\t<span class=\"elementor-button-icon\">\n\t\t\t\t<i aria-hidden=\"true\" class=\"fas fa-arrow-right\"><\/i>\t\t\t<\/span>\n\t\t\t\t\t\t\t\t\t<span class=\"elementor-button-text\">Ver m\u00e1s informaci\u00f3n<\/span>\n\t\t\t\t\t<\/span>\n\t\t\t\t\t<\/a>\n\t\t\t\t<\/div>\n\t\t\t\t\t\t\t\t<\/div>\n\t\t\t\t<\/div>\n\t\t\t\t\t<\/div>\n\t\t<\/div>\n\t\t\t\t\t<\/div>\n\t\t<\/section>\n\t\t\t\t\t<\/div>\n\t\t<\/div>\n\t\t\t\t\t<\/div>\n\t\t<\/section>\n\t\t\t\t<\/div>\n\t\t","protected":false},"excerpt":{"rendered":"<p>Plan Jade Voluntario Ver m\u00e1s informaci\u00f3n Plan Jade Complementario Ver m\u00e1s informaci\u00f3n<\/p>\n","protected":false},"author":1,"featured_media":0,"parent":0,"menu_order":0,"comment_status":"closed","ping_status":"closed","template":"","meta":{"footnotes":""},"class_list":["post-2196","page","type-page","status-publish","hentry"],"_links":{"self":[{"href":"https:\/\/arsabelgonzalez.com\/index.php\/wp-json\/wp\/v2\/pages\/2196","targetHints":{"allow":["GET"]}}],"collection":[{"href":"https:\/\/arsabelgonzalez.com\/index.php\/wp-json\/wp\/v2\/pages"}],"about":[{"href":"https:\/\/arsabelgonzalez.com\/index.php\/wp-json\/wp\/v2\/types\/page"}],"author":[{"embeddable":true,"href":"https:\/\/arsabelgonzalez.com\/index.php\/wp-json\/wp\/v2\/users\/1"}],"replies":[{"embeddable":true,"href":"https:\/\/arsabelgonzalez.com\/index.php\/wp-json\/wp\/v2\/comments?post=2196"}],"version-history":[{"count":4,"href":"https:\/\/arsabelgonzalez.com\/index.php\/wp-json\/wp\/v2\/pages\/2196\/revisions"}],"predecessor-version":[{"id":2201,"href":"https:\/\/arsabelgonzalez.com\/index.php\/wp-json\/wp\/v2\/pages\/2196\/revisions\/2201"}],"wp:attachment":[{"href":"https:\/\/arsabelgonzalez.com\/index.php\/wp-json\/wp\/v2\/media?parent=2196"}],"curies":[{"name":"wp","href":"https:\/\/api.w.org\/{rel}","templated":true}]}}