{"id":2188,"date":"2023-10-03T04:01:01","date_gmt":"2023-10-03T04:01:01","guid":{"rendered":"https:\/\/arsabelgonzalez.com\/?page_id=2188"},"modified":"2023-10-03T04:05:03","modified_gmt":"2023-10-03T04:05:03","slug":"esmeralda","status":"publish","type":"page","link":"https:\/\/arsabelgonzalez.com\/index.php\/esmeralda\/","title":{"rendered":"Esmeralda"},"content":{"rendered":"\t\t<div data-elementor-type=\"wp-page\" data-elementor-id=\"2188\" class=\"elementor elementor-2188\" data-elementor-settings=\"{&quot;element_pack_global_tooltip_width&quot;:{&quot;unit&quot;:&quot;px&quot;,&quot;size&quot;:&quot;&quot;,&quot;sizes&quot;:[]},&quot;element_pack_global_tooltip_width_tablet&quot;:{&quot;unit&quot;:&quot;px&quot;,&quot;size&quot;:&quot;&quot;,&quot;sizes&quot;:[]},&quot;element_pack_global_tooltip_width_mobile&quot;:{&quot;unit&quot;:&quot;px&quot;,&quot;size&quot;:&quot;&quot;,&quot;sizes&quot;:[]},&quot;element_pack_global_tooltip_padding&quot;:{&quot;unit&quot;:&quot;px&quot;,&quot;top&quot;:&quot;&quot;,&quot;right&quot;:&quot;&quot;,&quot;bottom&quot;:&quot;&quot;,&quot;left&quot;:&quot;&quot;,&quot;isLinked&quot;:true},&quot;element_pack_global_tooltip_padding_tablet&quot;:{&quot;unit&quot;:&quot;px&quot;,&quot;top&quot;:&quot;&quot;,&quot;right&quot;:&quot;&quot;,&quot;bottom&quot;:&quot;&quot;,&quot;left&quot;:&quot;&quot;,&quot;isLinked&quot;:true},&quot;element_pack_global_tooltip_padding_mobile&quot;:{&quot;unit&quot;:&quot;px&quot;,&quot;top&quot;:&quot;&quot;,&quot;right&quot;:&quot;&quot;,&quot;bottom&quot;:&quot;&quot;,&quot;left&quot;:&quot;&quot;,&quot;isLinked&quot;:true},&quot;element_pack_global_tooltip_border_radius&quot;:{&quot;unit&quot;:&quot;px&quot;,&quot;top&quot;:&quot;&quot;,&quot;right&quot;:&quot;&quot;,&quot;bottom&quot;:&quot;&quot;,&quot;left&quot;:&quot;&quot;,&quot;isLinked&quot;:true},&quot;element_pack_global_tooltip_border_radius_tablet&quot;:{&quot;unit&quot;:&quot;px&quot;,&quot;top&quot;:&quot;&quot;,&quot;right&quot;:&quot;&quot;,&quot;bottom&quot;:&quot;&quot;,&quot;left&quot;:&quot;&quot;,&quot;isLinked&quot;:true},&quot;element_pack_global_tooltip_border_radius_mobile&quot;:{&quot;unit&quot;:&quot;px&quot;,&quot;top&quot;:&quot;&quot;,&quot;right&quot;:&quot;&quot;,&quot;bottom&quot;:&quot;&quot;,&quot;left&quot;:&quot;&quot;,&quot;isLinked&quot;:true}}\">\n\t\t\t\t\t\t<section class=\"elementor-section elementor-top-section elementor-element elementor-element-8a19d94 elementor-section-boxed elementor-section-height-default elementor-section-height-default\" data-id=\"8a19d94\" data-element_type=\"section\">\n\t\t\t\t\t\t<div class=\"elementor-container elementor-column-gap-default\">\n\t\t\t\t\t<div class=\"elementor-column elementor-col-100 elementor-top-column elementor-element elementor-element-c664433\" data-id=\"c664433\" data-element_type=\"column\">\n\t\t\t<div class=\"elementor-widget-wrap elementor-element-populated\">\n\t\t\t\t\t\t<section class=\"elementor-section elementor-inner-section elementor-element elementor-element-d733a88 elementor-section-boxed elementor-section-height-default elementor-section-height-default\" data-id=\"d733a88\" data-element_type=\"section\">\n\t\t\t\t\t\t<div class=\"elementor-container elementor-column-gap-default\">\n\t\t\t\t\t<div class=\"elementor-column elementor-col-50 elementor-inner-column elementor-element elementor-element-b58f4d7\" data-id=\"b58f4d7\" data-element_type=\"column\">\n\t\t\t<div class=\"elementor-widget-wrap elementor-element-populated\">\n\t\t\t\t\t\t<div class=\"elementor-element elementor-element-f73f03c elementor-widget elementor-widget-html\" data-id=\"f73f03c\" data-element_type=\"widget\" data-widget_type=\"html.default\">\n\t\t\t\t<div class=\"elementor-widget-container\">\n\t\t\t\t\t<svg data-name=\"Layer 2\" xmlns=\"http:\/\/www.w3.org\/2000\/svg\" viewBox=\"0 0 243 153\" preserveAspectRatio=\"none\" data-gwd-grp-id=\"ESMERALDA\" class=\"gwd-grp-g6uz gwd-svg-75wg gwd-gen-x2pjgwdanimation\">\r\n          <defs class=\"gwd-grp-g6uz\">\r\n            <style class=\"gwd-grp-g6uz\">.cls-1_6{fill:#50b848}.cls-2{fill:#f0ead8}.cls-3{fill:#bed747}<\/style>\r\n          <\/defs>\r\n          <g data-gwd-grp-id=\"PRINT\" class=\"gwd-grp-g6uz\">\r\n            <g class=\"gwd-grp-g6uz\">\r\n              <rect class=\"cls-1_6 gwd-grp-g6uz\" width=\"243\" height=\"153\" rx=\"9\" ry=\"9\"><\/rect>\r\n              <g class=\"gwd-grp-g6uz\">\r\n                <path class=\"cls-3 gwd-grp-g6uz\" d=\"m115.45,117.2h11.52v1.68h-9.72v5.52h7.8v1.68h-7.8v6.24h9.96v1.68h-11.76v-16.8Z\"><\/path>\r\n                <path class=\"cls-3 gwd-grp-g6uz\" d=\"m130.3,131c.22.31.48.6.77.84.5.46,1.27.84,2.23.84,1.7,0,2.52-.84,2.52-1.92,0-2.64-6.24-1.32-6.24-5.28,0-1.66,1.54-3.24,3.84-3.24,1.22,0,2.11.41,2.76.79.36.22.7.48.96.77l-1.2,1.2c-.17-.22-.38-.43-.62-.6-.46-.29-1.06-.6-1.9-.6-1.32,0-2.16.84-2.16,1.68,0,2.52,6.24,1.2,6.24,5.28,0,1.92-1.58,3.48-4.2,3.48-1.44,0-2.5-.5-3.19-1.01-.41-.29-.74-.62-1.01-1.03l1.2-1.2Z\"><\/path>\r\n                <path class=\"cls-3 gwd-grp-g6uz\" d=\"m140.03,122.48h1.68v1.44c.22-.31.46-.58.77-.84.55-.41,1.32-.84,2.47-.84,1.37,0,2.33.53,2.9,1.03.34.29.6.62.82,1.01.22-.38.53-.72.89-1.01.65-.5,1.63-1.03,3.07-1.03,2.52,0,4.44,1.7,4.44,4.92v6.84h-1.68v-6.84c0-2.21-1.18-3.36-2.88-3.36s-3.12,1.44-3.12,3.84v6.36h-1.68v-6.84c0-2.18-1.18-3.36-2.88-3.36s-3.12,1.44-3.12,3.84v6.36h-1.68v-11.52Z\"><\/path>\r\n                <path class=\"cls-3 gwd-grp-g6uz\" d=\"m170.21,131.84c-.34.46-.74.84-1.22,1.2-.84.6-2.02,1.2-3.58,1.2-3.14,0-5.76-2.64-5.76-6s2.64-6,5.64-6,5.52,2.4,5.52,5.76c0,.26-.05.46-.07.62l-.05.24-9.36-.02c.12,2.04,1.9,3.84,4.08,3.84,1.22,0,2.11-.48,2.76-.96.36-.29.7-.6.96-.96l1.08,1.08Zm-1.08-4.44c-.26-2.04-1.8-3.6-3.84-3.6s-3.7,1.68-3.96,3.6h7.8Z\"><\/path>\r\n                <path class=\"cls-3 gwd-grp-g6uz\" d=\"m173.4,122.48h1.68v1.56c.26-.31.58-.62.94-.89.65-.46,1.56-.91,2.9-.91h.48v1.68h-.72c-1.92,0-3.6,1.44-3.6,3.72v6.36h-1.68v-11.52Z\"><\/path>\r\n                <path class=\"cls-3 gwd-grp-g6uz\" d=\"m188.28,132.44c-.24.34-.55.65-.91.91-.65.46-1.56.89-2.81.89-2.4,0-4.08-1.68-4.08-3.36,0-1.92,1.18-3.12,3.36-3.48l4.44-.72c0-1.7-1.18-2.88-2.88-2.88-1.03,0-1.82.43-2.38.84-.31.26-.6.53-.86.84l-1.08-1.08c.31-.41.7-.77,1.13-1.08.74-.55,1.78-1.08,3.19-1.08,2.64,0,4.56,1.92,4.56,4.44v7.32h-1.68v-1.56Zm0-4.32l-3.96.72c-1.44.26-2.16.96-2.16,2.04,0,.96.84,1.8,2.4,1.8,2.18,0,3.72-1.54,3.72-3.84v-.72Z\"><\/path>\r\n                <path class=\"cls-3 gwd-grp-g6uz\" d=\"m193.35,117.2h1.68v16.8h-1.68v-16.8Z\"><\/path>\r\n                <path class=\"cls-3 gwd-grp-g6uz\" d=\"m207.32,132.32c-.26.36-.6.67-.98.96-.67.48-1.63.96-2.98.96-3.12,0-5.64-2.52-5.64-6s2.52-6,5.64-6c1.34,0,2.3.48,2.98.96.38.29.72.6.98.96v-6.96h1.68v16.8h-1.68v-1.68Zm0-4.08c0-2.52-1.94-4.44-3.96-4.44-2.18,0-3.96,1.82-3.96,4.44s1.78,4.44,3.96,4.44c2.02,0,3.96-1.92,3.96-4.44Z\"><\/path>\r\n                <path class=\"cls-3 gwd-grp-g6uz\" d=\"m219.41,132.44c-.24.34-.55.65-.91.91-.65.46-1.56.89-2.81.89-2.4,0-4.08-1.68-4.08-3.36,0-1.92,1.18-3.12,3.36-3.48l4.44-.72c0-1.7-1.18-2.88-2.88-2.88-1.03,0-1.82.43-2.38.84-.31.26-.6.53-.86.84l-1.08-1.08c.31-.41.7-.77,1.13-1.08.74-.55,1.78-1.08,3.19-1.08,2.64,0,4.56,1.92,4.56,4.44v7.32h-1.68v-1.56Zm0-4.32l-3.96.72c-1.44.26-2.16.96-2.16,2.04,0,.96.84,1.8,2.4,1.8,2.18,0,3.72-1.54,3.72-3.84v-.72Z\"><\/path>\r\n              <\/g>\r\n              <g class=\"gwd-grp-g6uz\">\r\n                <path class=\"cls-2 gwd-grp-g6uz\" d=\"m30.46,15.06c1.6.26,3.01,1.46,3.22,3.12.1.74-.02,1.42-.36,2.08-.45.84-1.2,1.49-1.86,2.16l-3.88,3.88c-.16.16-.42.16-.58,0l-3.88-3.88c-.66-.66-1.42-1.32-1.86-2.16-.35-.66-.46-1.34-.37-2.08.21-1.65,1.63-2.86,3.22-3.12.37-.06,5.97-.06,6.34,0\"><\/path>\r\n                <path class=\"cls-2 gwd-grp-g6uz\" d=\"m30.46,39.55c1.6-.26,3.01-1.46,3.22-3.12.1-.74-.02-1.42-.36-2.08-.45-.84-1.2-1.49-1.86-2.16l-3.88-3.88c-.16-.16-.42-.16-.58,0l-3.88,3.88c-.66.66-1.42,1.32-1.86,2.16-.35.66-.46,1.34-.37,2.08.21,1.65,1.63,2.86,3.22,3.12.37.06,5.97.06,6.34,0\"><\/path>\r\n                <path class=\"cls-2 gwd-grp-g6uz\" d=\"m15.05,24.13c.26-1.6,1.46-3.01,3.12-3.22.74-.09,1.42.02,2.08.37.84.45,1.49,1.2,2.16,1.86l3.88,3.88c.16.16.16.42,0,.58l-3.88,3.88c-.66.67-1.32,1.42-2.16,1.86-.66.35-1.34.46-2.08.37-1.65-.21-2.86-1.63-3.12-3.22-.06-.37-.06-5.97,0-6.34\"><\/path>\r\n                <path class=\"cls-2 gwd-grp-g6uz\" d=\"m39.54,24.13c-.26-1.6-1.46-3.01-3.12-3.22-.74-.09-1.42.02-2.08.37-.84.45-1.49,1.2-2.16,1.86l-3.88,3.88c-.16.16-.16.42,0,.58l3.88,3.88c.66.67,1.32,1.42,2.16,1.86.66.35,1.34.46,2.08.37,1.65-.21,2.86-1.63,3.12-3.22.06-.37.06-5.97,0-6.34\"><\/path>\r\n              <\/g>\r\n            <\/g>\r\n          <\/g>\r\n        <\/svg>\t\t\t\t<\/div>\n\t\t\t\t<\/div>\n\t\t\t\t<div class=\"elementor-element elementor-element-7e98f1e elementor-widget elementor-widget-heading\" data-id=\"7e98f1e\" data-element_type=\"widget\" data-widget_type=\"heading.default\">\n\t\t\t\t<div class=\"elementor-widget-container\">\n\t\t\t\t\t<h2 class=\"elementor-heading-title elementor-size-default\">Plan Esmeralda Voluntario<\/h2>\t\t\t\t<\/div>\n\t\t\t\t<\/div>\n\t\t\t\t<div class=\"elementor-element elementor-element-7bd6b38 elementor-widget elementor-widget-button\" data-id=\"7bd6b38\" data-element_type=\"widget\" data-widget_type=\"button.default\">\n\t\t\t\t<div class=\"elementor-widget-container\">\n\t\t\t\t\t\t\t\t\t<div class=\"elementor-button-wrapper\">\n\t\t\t\t\t<a class=\"elementor-button elementor-button-link elementor-size-lg\" href=\"https:\/\/arsabelgonzalez.com\/index.php\/esmeralda-voluntario\/\">\n\t\t\t\t\t\t<span class=\"elementor-button-content-wrapper\">\n\t\t\t\t\t\t<span class=\"elementor-button-icon\">\n\t\t\t\t<i aria-hidden=\"true\" class=\"fas fa-arrow-right\"><\/i>\t\t\t<\/span>\n\t\t\t\t\t\t\t\t\t<span class=\"elementor-button-text\">Ver m\u00e1s informaci\u00f3n<\/span>\n\t\t\t\t\t<\/span>\n\t\t\t\t\t<\/a>\n\t\t\t\t<\/div>\n\t\t\t\t\t\t\t\t<\/div>\n\t\t\t\t<\/div>\n\t\t\t\t\t<\/div>\n\t\t<\/div>\n\t\t\t\t<div class=\"elementor-column elementor-col-50 elementor-inner-column elementor-element elementor-element-7189b5d\" data-id=\"7189b5d\" data-element_type=\"column\">\n\t\t\t<div class=\"elementor-widget-wrap elementor-element-populated\">\n\t\t\t\t\t\t<div class=\"elementor-element elementor-element-3970e4a elementor-widget elementor-widget-html\" data-id=\"3970e4a\" data-element_type=\"widget\" data-widget_type=\"html.default\">\n\t\t\t\t<div class=\"elementor-widget-container\">\n\t\t\t\t\t<svg data-name=\"Layer 2\" xmlns=\"http:\/\/www.w3.org\/2000\/svg\" viewBox=\"0 0 243 153\" preserveAspectRatio=\"none\" data-gwd-grp-id=\"ESMERALDA\" class=\"gwd-grp-g6uz gwd-svg-75wg gwd-gen-x2pjgwdanimation\">\r\n          <defs class=\"gwd-grp-g6uz\">\r\n            <style class=\"gwd-grp-g6uz\">.cls-1_6{fill:#50b848}.cls-2{fill:#f0ead8}.cls-3{fill:#bed747}<\/style>\r\n          <\/defs>\r\n          <g data-gwd-grp-id=\"PRINT\" class=\"gwd-grp-g6uz\">\r\n            <g class=\"gwd-grp-g6uz\">\r\n              <rect class=\"cls-1_6 gwd-grp-g6uz\" width=\"243\" height=\"153\" rx=\"9\" ry=\"9\"><\/rect>\r\n              <g class=\"gwd-grp-g6uz\">\r\n                <path class=\"cls-3 gwd-grp-g6uz\" d=\"m115.45,117.2h11.52v1.68h-9.72v5.52h7.8v1.68h-7.8v6.24h9.96v1.68h-11.76v-16.8Z\"><\/path>\r\n                <path class=\"cls-3 gwd-grp-g6uz\" d=\"m130.3,131c.22.31.48.6.77.84.5.46,1.27.84,2.23.84,1.7,0,2.52-.84,2.52-1.92,0-2.64-6.24-1.32-6.24-5.28,0-1.66,1.54-3.24,3.84-3.24,1.22,0,2.11.41,2.76.79.36.22.7.48.96.77l-1.2,1.2c-.17-.22-.38-.43-.62-.6-.46-.29-1.06-.6-1.9-.6-1.32,0-2.16.84-2.16,1.68,0,2.52,6.24,1.2,6.24,5.28,0,1.92-1.58,3.48-4.2,3.48-1.44,0-2.5-.5-3.19-1.01-.41-.29-.74-.62-1.01-1.03l1.2-1.2Z\"><\/path>\r\n                <path class=\"cls-3 gwd-grp-g6uz\" d=\"m140.03,122.48h1.68v1.44c.22-.31.46-.58.77-.84.55-.41,1.32-.84,2.47-.84,1.37,0,2.33.53,2.9,1.03.34.29.6.62.82,1.01.22-.38.53-.72.89-1.01.65-.5,1.63-1.03,3.07-1.03,2.52,0,4.44,1.7,4.44,4.92v6.84h-1.68v-6.84c0-2.21-1.18-3.36-2.88-3.36s-3.12,1.44-3.12,3.84v6.36h-1.68v-6.84c0-2.18-1.18-3.36-2.88-3.36s-3.12,1.44-3.12,3.84v6.36h-1.68v-11.52Z\"><\/path>\r\n                <path class=\"cls-3 gwd-grp-g6uz\" d=\"m170.21,131.84c-.34.46-.74.84-1.22,1.2-.84.6-2.02,1.2-3.58,1.2-3.14,0-5.76-2.64-5.76-6s2.64-6,5.64-6,5.52,2.4,5.52,5.76c0,.26-.05.46-.07.62l-.05.24-9.36-.02c.12,2.04,1.9,3.84,4.08,3.84,1.22,0,2.11-.48,2.76-.96.36-.29.7-.6.96-.96l1.08,1.08Zm-1.08-4.44c-.26-2.04-1.8-3.6-3.84-3.6s-3.7,1.68-3.96,3.6h7.8Z\"><\/path>\r\n                <path class=\"cls-3 gwd-grp-g6uz\" d=\"m173.4,122.48h1.68v1.56c.26-.31.58-.62.94-.89.65-.46,1.56-.91,2.9-.91h.48v1.68h-.72c-1.92,0-3.6,1.44-3.6,3.72v6.36h-1.68v-11.52Z\"><\/path>\r\n                <path class=\"cls-3 gwd-grp-g6uz\" d=\"m188.28,132.44c-.24.34-.55.65-.91.91-.65.46-1.56.89-2.81.89-2.4,0-4.08-1.68-4.08-3.36,0-1.92,1.18-3.12,3.36-3.48l4.44-.72c0-1.7-1.18-2.88-2.88-2.88-1.03,0-1.82.43-2.38.84-.31.26-.6.53-.86.84l-1.08-1.08c.31-.41.7-.77,1.13-1.08.74-.55,1.78-1.08,3.19-1.08,2.64,0,4.56,1.92,4.56,4.44v7.32h-1.68v-1.56Zm0-4.32l-3.96.72c-1.44.26-2.16.96-2.16,2.04,0,.96.84,1.8,2.4,1.8,2.18,0,3.72-1.54,3.72-3.84v-.72Z\"><\/path>\r\n                <path class=\"cls-3 gwd-grp-g6uz\" d=\"m193.35,117.2h1.68v16.8h-1.68v-16.8Z\"><\/path>\r\n                <path class=\"cls-3 gwd-grp-g6uz\" d=\"m207.32,132.32c-.26.36-.6.67-.98.96-.67.48-1.63.96-2.98.96-3.12,0-5.64-2.52-5.64-6s2.52-6,5.64-6c1.34,0,2.3.48,2.98.96.38.29.72.6.98.96v-6.96h1.68v16.8h-1.68v-1.68Zm0-4.08c0-2.52-1.94-4.44-3.96-4.44-2.18,0-3.96,1.82-3.96,4.44s1.78,4.44,3.96,4.44c2.02,0,3.96-1.92,3.96-4.44Z\"><\/path>\r\n                <path class=\"cls-3 gwd-grp-g6uz\" d=\"m219.41,132.44c-.24.34-.55.65-.91.91-.65.46-1.56.89-2.81.89-2.4,0-4.08-1.68-4.08-3.36,0-1.92,1.18-3.12,3.36-3.48l4.44-.72c0-1.7-1.18-2.88-2.88-2.88-1.03,0-1.82.43-2.38.84-.31.26-.6.53-.86.84l-1.08-1.08c.31-.41.7-.77,1.13-1.08.74-.55,1.78-1.08,3.19-1.08,2.64,0,4.56,1.92,4.56,4.44v7.32h-1.68v-1.56Zm0-4.32l-3.96.72c-1.44.26-2.16.96-2.16,2.04,0,.96.84,1.8,2.4,1.8,2.18,0,3.72-1.54,3.72-3.84v-.72Z\"><\/path>\r\n              <\/g>\r\n              <g class=\"gwd-grp-g6uz\">\r\n                <path class=\"cls-2 gwd-grp-g6uz\" d=\"m30.46,15.06c1.6.26,3.01,1.46,3.22,3.12.1.74-.02,1.42-.36,2.08-.45.84-1.2,1.49-1.86,2.16l-3.88,3.88c-.16.16-.42.16-.58,0l-3.88-3.88c-.66-.66-1.42-1.32-1.86-2.16-.35-.66-.46-1.34-.37-2.08.21-1.65,1.63-2.86,3.22-3.12.37-.06,5.97-.06,6.34,0\"><\/path>\r\n                <path class=\"cls-2 gwd-grp-g6uz\" d=\"m30.46,39.55c1.6-.26,3.01-1.46,3.22-3.12.1-.74-.02-1.42-.36-2.08-.45-.84-1.2-1.49-1.86-2.16l-3.88-3.88c-.16-.16-.42-.16-.58,0l-3.88,3.88c-.66.66-1.42,1.32-1.86,2.16-.35.66-.46,1.34-.37,2.08.21,1.65,1.63,2.86,3.22,3.12.37.06,5.97.06,6.34,0\"><\/path>\r\n                <path class=\"cls-2 gwd-grp-g6uz\" d=\"m15.05,24.13c.26-1.6,1.46-3.01,3.12-3.22.74-.09,1.42.02,2.08.37.84.45,1.49,1.2,2.16,1.86l3.88,3.88c.16.16.16.42,0,.58l-3.88,3.88c-.66.67-1.32,1.42-2.16,1.86-.66.35-1.34.46-2.08.37-1.65-.21-2.86-1.63-3.12-3.22-.06-.37-.06-5.97,0-6.34\"><\/path>\r\n                <path class=\"cls-2 gwd-grp-g6uz\" d=\"m39.54,24.13c-.26-1.6-1.46-3.01-3.12-3.22-.74-.09-1.42.02-2.08.37-.84.45-1.49,1.2-2.16,1.86l-3.88,3.88c-.16.16-.16.42,0,.58l3.88,3.88c.66.67,1.32,1.42,2.16,1.86.66.35,1.34.46,2.08.37,1.65-.21,2.86-1.63,3.12-3.22.06-.37.06-5.97,0-6.34\"><\/path>\r\n              <\/g>\r\n            <\/g>\r\n          <\/g>\r\n        <\/svg>\t\t\t\t<\/div>\n\t\t\t\t<\/div>\n\t\t\t\t<div class=\"elementor-element elementor-element-aed75e6 elementor-widget elementor-widget-heading\" data-id=\"aed75e6\" data-element_type=\"widget\" data-widget_type=\"heading.default\">\n\t\t\t\t<div class=\"elementor-widget-container\">\n\t\t\t\t\t<h2 class=\"elementor-heading-title elementor-size-default\">Plan Esmeralda Complementario<\/h2>\t\t\t\t<\/div>\n\t\t\t\t<\/div>\n\t\t\t\t<div class=\"elementor-element elementor-element-92ad422 elementor-widget elementor-widget-button\" data-id=\"92ad422\" data-element_type=\"widget\" data-widget_type=\"button.default\">\n\t\t\t\t<div class=\"elementor-widget-container\">\n\t\t\t\t\t\t\t\t\t<div class=\"elementor-button-wrapper\">\n\t\t\t\t\t<a class=\"elementor-button elementor-button-link elementor-size-lg\" href=\"https:\/\/arsabelgonzalez.com\/index.php\/esmeralda-complementario\/\">\n\t\t\t\t\t\t<span class=\"elementor-button-content-wrapper\">\n\t\t\t\t\t\t<span class=\"elementor-button-icon\">\n\t\t\t\t<i aria-hidden=\"true\" class=\"fas fa-arrow-right\"><\/i>\t\t\t<\/span>\n\t\t\t\t\t\t\t\t\t<span class=\"elementor-button-text\">Ver m\u00e1s informaci\u00f3n<\/span>\n\t\t\t\t\t<\/span>\n\t\t\t\t\t<\/a>\n\t\t\t\t<\/div>\n\t\t\t\t\t\t\t\t<\/div>\n\t\t\t\t<\/div>\n\t\t\t\t\t<\/div>\n\t\t<\/div>\n\t\t\t\t\t<\/div>\n\t\t<\/section>\n\t\t\t\t\t<\/div>\n\t\t<\/div>\n\t\t\t\t\t<\/div>\n\t\t<\/section>\n\t\t\t\t<\/div>\n\t\t","protected":false},"excerpt":{"rendered":"<p>Plan Esmeralda Voluntario Ver m\u00e1s informaci\u00f3n Plan Esmeralda Complementario Ver m\u00e1s informaci\u00f3n<\/p>\n","protected":false},"author":1,"featured_media":0,"parent":0,"menu_order":0,"comment_status":"closed","ping_status":"closed","template":"","meta":{"footnotes":""},"class_list":["post-2188","page","type-page","status-publish","hentry"],"_links":{"self":[{"href":"https:\/\/arsabelgonzalez.com\/index.php\/wp-json\/wp\/v2\/pages\/2188","targetHints":{"allow":["GET"]}}],"collection":[{"href":"https:\/\/arsabelgonzalez.com\/index.php\/wp-json\/wp\/v2\/pages"}],"about":[{"href":"https:\/\/arsabelgonzalez.com\/index.php\/wp-json\/wp\/v2\/types\/page"}],"author":[{"embeddable":true,"href":"https:\/\/arsabelgonzalez.com\/index.php\/wp-json\/wp\/v2\/users\/1"}],"replies":[{"embeddable":true,"href":"https:\/\/arsabelgonzalez.com\/index.php\/wp-json\/wp\/v2\/comments?post=2188"}],"version-history":[{"count":7,"href":"https:\/\/arsabelgonzalez.com\/index.php\/wp-json\/wp\/v2\/pages\/2188\/revisions"}],"predecessor-version":[{"id":2195,"href":"https:\/\/arsabelgonzalez.com\/index.php\/wp-json\/wp\/v2\/pages\/2188\/revisions\/2195"}],"wp:attachment":[{"href":"https:\/\/arsabelgonzalez.com\/index.php\/wp-json\/wp\/v2\/media?parent=2188"}],"curies":[{"name":"wp","href":"https:\/\/api.w.org\/{rel}","templated":true}]}}